{"id":461,"date":"2021-03-27T18:02:00","date_gmt":"2021-03-27T17:02:00","guid":{"rendered":"https:\/\/art4climate.nuernberg4future.de\/?page_id=461"},"modified":"2021-03-27T18:02:01","modified_gmt":"2021-03-27T17:02:01","slug":"impressum","status":"publish","type":"page","link":"https:\/\/art4climate.nuernberg4future.de\/en\/impressum","title":{"rendered":"Impressum"},"content":{"rendered":"\n<h4>Angaben gem\u00e4\u00df \u00a75 TMG<\/h4>\n\n\n\n<p><strong>artists4future n\u00fcrnberg<\/strong><\/p>\n\n\n\n<p>Vertreten durch<br>Ulrike M\u00fcller-Telschow<\/p>\n\n\n\n<p>fon 015115582482<\/p>\n\n\n\n<h2>Kontakt<\/h2>\n\n\n\n<p>E-Mail:<a href=\"javascript:;\">artulijen@ulijendesign.de<\/a><\/p>\n\n\n\n<h2>Haftungsausschluss<\/h2>\n\n\n\n<p>Wir \u00fcbernehmen keine Verantwortung f\u00fcr die Inhalte externer Links auf dieser Homepage. Angaben erfolgen ohne Gew\u00e4hr f\u00fcr ihre Richtigkeit. Wir \u00fcbernehmen keinerlei Haftung f\u00fcr Verluste oder Sch\u00e4den, die auf die Nutzung der Informationen in dieser Website zur\u00fcckzuf\u00fchren sind.<br><a href=\"https:\/\/platform-energy.de\/disclaimer\/\">Haftungsausschluss (Disclaimer)<\/a><a href=\"https:\/\/platform-energy.de\/\">Copyright \u00a9 2020<\/a><\/p>\n\n\n\n<p>artulijen@ulijendesign.de<\/p>\n\n\n\n<ul id=\"menu-bottommenu\"><li>Diese Website benutzt Cookies. Wenn du die Website weiter nutzt, gehen wir von deinem Einverst\u00e4ndnis aus.<a href=\"https:\/\/platform-energy.de\/impressum\/#\">OKNein<\/a><a rel=\"noreferrer noopener\" href=\"https:\/\/platform-energy.de\/datenschutzerklaerung\/\" target=\"_blank\">Informationen<\/a><\/li><\/ul>\n","protected":false},"excerpt":{"rendered":"<p>Angaben gem\u00e4\u00df \u00a75 TMG artists4future n\u00fcrnberg Vertreten durchUlrike M\u00fcller-Telschow fon 015115582482 Kontakt E-Mail:artulijen@ulijendesign.de Haftungsausschluss Wir \u00fcbernehmen keine Verantwortung f\u00fcr die Inhalte externer Links auf dieser Homepage. Angaben erfolgen ohne Gew\u00e4hr f\u00fcr ihre Richtigkeit. Wir \u00fcbernehmen keinerlei Haftung f\u00fcr Verluste oder Sch\u00e4den, die auf die Nutzung der Informationen in dieser Website zur\u00fcckzuf\u00fchren sind.Haftungsausschluss (Disclaimer)Copyright \u00a9 2020 [&hellip;]<\/p>\n","protected":false},"author":1,"featured_media":0,"parent":0,"menu_order":0,"comment_status":"closed","ping_status":"closed","template":"","meta":[],"_links":{"self":[{"href":"https:\/\/art4climate.nuernberg4future.de\/en\/wp-json\/wp\/v2\/pages\/461"}],"collection":[{"href":"https:\/\/art4climate.nuernberg4future.de\/en\/wp-json\/wp\/v2\/pages"}],"about":[{"href":"https:\/\/art4climate.nuernberg4future.de\/en\/wp-json\/wp\/v2\/types\/page"}],"author":[{"embeddable":true,"href":"https:\/\/art4climate.nuernberg4future.de\/en\/wp-json\/wp\/v2\/users\/1"}],"replies":[{"embeddable":true,"href":"https:\/\/art4climate.nuernberg4future.de\/en\/wp-json\/wp\/v2\/comments?post=461"}],"version-history":[{"count":1,"href":"https:\/\/art4climate.nuernberg4future.de\/en\/wp-json\/wp\/v2\/pages\/461\/revisions"}],"predecessor-version":[{"id":462,"href":"https:\/\/art4climate.nuernberg4future.de\/en\/wp-json\/wp\/v2\/pages\/461\/revisions\/462"}],"wp:attachment":[{"href":"https:\/\/art4climate.nuernberg4future.de\/en\/wp-json\/wp\/v2\/media?parent=461"}],"curies":[{"name":"wp","href":"https:\/\/api.w.org\/{rel}","templated":true}]}}