{"id":174,"date":"2020-09-06T23:22:31","date_gmt":"2020-09-06T21:22:31","guid":{"rendered":"https:\/\/art4climate.nuernberg4future.de\/?page_id=174"},"modified":"2021-02-21T22:48:34","modified_gmt":"2021-02-21T21:48:34","slug":"die-teilnahme","status":"publish","type":"page","link":"https:\/\/art4climate.nuernberg4future.de\/fr\/die-teilnahme","title":{"rendered":"Participation et r\u00e8gles"},"content":{"rendered":"<p><strong>art4climate est un projet d&rsquo;art m\u00e9diatique-num\u00e9rique &#8230;<\/strong><\/p>\n<p>&nbsp;<\/p>\n<p>Corona adapt\u00e9, global &#8230;<\/p>\n<p>&nbsp;<\/p>\n<p>et commence \u00e0 l&rsquo;automne 2020 \u00e0 Nuremberg.<\/p>\n<p>&nbsp;<\/p>\n<p><strong>La date de cl\u00f4ture du premier mandat est le 31 juillet 2021<\/strong> et peut \u00eatre report\u00e9e en raison de la pand\u00e9mie mondiale. Si vous avez des questions, veuillez envoyer un e-mail.<\/p>\n<p>&nbsp;<\/p>\n<p>Le t\u00e9l\u00e9chargement est configur\u00e9 pour les fichiers image d&rsquo;une <strong>taille maximale de 8 Mo de fichiers .JPEG.<\/strong><\/p>\n<p>&nbsp;<\/p>\n<p>Pour le type audio et le type vid\u00e9o, le lien peut \u00eatre envoy\u00e9 via le menu de t\u00e9l\u00e9chargement. Le fichier doit \u00eatre accessible sur Internet via ce lien sans mot de passe.<\/p>\n<p>&nbsp;<\/p>\n<p><strong>TOUT LE MONDE peut participer et sera appel\u00e9 ARTISTE dans la suite. La restriction d&rsquo;\u00e2ge &#8230;<\/strong><\/p>\n<p>de 3 \u00c0 103 ANS &#8230; devrait le pr\u00e9ciser de mani\u00e8re d\u00e9tendue et encourager de nombreuses personnes \u00e0 participer.<\/p>\n<p>&nbsp;<\/p>\n<p>Les artistes &#8211; ou groupes d&rsquo;artistes &#8211; peuvent soumettre plusieurs \u0153uvres d&rsquo;art diff\u00e9rentes, des projets, voire diff\u00e9rents genres et formes de design.<\/p>\n<p>&nbsp;<\/p>\n<p>ARTISTES de moins de 18 ans, une d\u00e9claration de consentement des deux tuteurs l\u00e9gaux doit \u00eatre soumise. Le mod\u00e8le pour cela se trouve sur la page d&rsquo;accueil.<\/p>\n<p>&nbsp;<\/p>\n<p>En participant au concours d&rsquo;art art4climate, les conditions de participation sont accept\u00e9es.<\/p>\n","protected":false},"excerpt":{"rendered":"<p>art4climate est un projet d&rsquo;art m\u00e9diatique-num\u00e9rique &#8230; &nbsp; Corona adapt\u00e9, global &#8230; &nbsp; et commence \u00e0 l&rsquo;automne 2020 \u00e0 Nuremberg. &nbsp; La date de cl\u00f4ture du premier mandat est le 31 juillet 2021 et peut \u00eatre report\u00e9e en raison de la pand\u00e9mie mondiale. Si vous avez des questions, veuillez envoyer un e-mail. &nbsp; Le t\u00e9l\u00e9chargement [&hellip;]<\/p>\n","protected":false},"author":1,"featured_media":0,"parent":0,"menu_order":0,"comment_status":"closed","ping_status":"closed","template":"","meta":[],"_links":{"self":[{"href":"https:\/\/art4climate.nuernberg4future.de\/fr\/wp-json\/wp\/v2\/pages\/174"}],"collection":[{"href":"https:\/\/art4climate.nuernberg4future.de\/fr\/wp-json\/wp\/v2\/pages"}],"about":[{"href":"https:\/\/art4climate.nuernberg4future.de\/fr\/wp-json\/wp\/v2\/types\/page"}],"author":[{"embeddable":true,"href":"https:\/\/art4climate.nuernberg4future.de\/fr\/wp-json\/wp\/v2\/users\/1"}],"replies":[{"embeddable":true,"href":"https:\/\/art4climate.nuernberg4future.de\/fr\/wp-json\/wp\/v2\/comments?post=174"}],"version-history":[{"count":10,"href":"https:\/\/art4climate.nuernberg4future.de\/fr\/wp-json\/wp\/v2\/pages\/174\/revisions"}],"predecessor-version":[{"id":409,"href":"https:\/\/art4climate.nuernberg4future.de\/fr\/wp-json\/wp\/v2\/pages\/174\/revisions\/409"}],"wp:attachment":[{"href":"https:\/\/art4climate.nuernberg4future.de\/fr\/wp-json\/wp\/v2\/media?parent=174"}],"curies":[{"name":"wp","href":"https:\/\/api.w.org\/{rel}","templated":true}]}}