{"id":183,"date":"2020-09-06T23:28:25","date_gmt":"2020-09-06T21:28:25","guid":{"rendered":"https:\/\/art4climate.nuernberg4future.de\/?page_id=183"},"modified":"2021-03-27T17:55:51","modified_gmt":"2021-03-27T16:55:51","slug":"datenschutz","status":"publish","type":"page","link":"https:\/\/art4climate.nuernberg4future.de\/fr\/datenschutz","title":{"rendered":"Intimit\u00e9"},"content":{"rendered":"<p>En soumettant votre art4climate, vous confirmez le site<\/p>\n<p>POLITIQUE JURIDIQUE ET DE CONFIDENTIALIT\u00c9 \u00e0 prendre note.<\/p>\n<p>Conditions de participation \u00e0 la protection des donn\u00e9es<\/p>\n","protected":false},"excerpt":{"rendered":"<p>En soumettant votre art4climate, vous confirmez le site POLITIQUE JURIDIQUE ET DE CONFIDENTIALIT\u00c9 \u00e0 prendre note. Conditions de participation \u00e0 la protection des donn\u00e9es<\/p>\n","protected":false},"author":1,"featured_media":0,"parent":0,"menu_order":0,"comment_status":"closed","ping_status":"closed","template":"","meta":[],"_links":{"self":[{"href":"https:\/\/art4climate.nuernberg4future.de\/fr\/wp-json\/wp\/v2\/pages\/183"}],"collection":[{"href":"https:\/\/art4climate.nuernberg4future.de\/fr\/wp-json\/wp\/v2\/pages"}],"about":[{"href":"https:\/\/art4climate.nuernberg4future.de\/fr\/wp-json\/wp\/v2\/types\/page"}],"author":[{"embeddable":true,"href":"https:\/\/art4climate.nuernberg4future.de\/fr\/wp-json\/wp\/v2\/users\/1"}],"replies":[{"embeddable":true,"href":"https:\/\/art4climate.nuernberg4future.de\/fr\/wp-json\/wp\/v2\/comments?post=183"}],"version-history":[{"count":3,"href":"https:\/\/art4climate.nuernberg4future.de\/fr\/wp-json\/wp\/v2\/pages\/183\/revisions"}],"predecessor-version":[{"id":333,"href":"https:\/\/art4climate.nuernberg4future.de\/fr\/wp-json\/wp\/v2\/pages\/183\/revisions\/333"}],"wp:attachment":[{"href":"https:\/\/art4climate.nuernberg4future.de\/fr\/wp-json\/wp\/v2\/media?parent=183"}],"curies":[{"name":"wp","href":"https:\/\/api.w.org\/{rel}","templated":true}]}}