{"id":219,"date":"2020-09-15T00:41:15","date_gmt":"2020-09-14T22:41:15","guid":{"rendered":"https:\/\/art4climate.nuernberg4future.de\/?page_id=219"},"modified":"2020-09-16T23:11:16","modified_gmt":"2020-09-16T21:11:16","slug":"motive-und-gedanken","status":"publish","type":"page","link":"https:\/\/art4climate.nuernberg4future.de\/fr\/motive-und-gedanken","title":{"rendered":"Motifs et pens\u00e9es"},"content":{"rendered":"<p><strong>La d\u00e9claration d&rsquo;Ant\u00f3nio Guterres \u00e0 l&rsquo;occasion de la Journ\u00e9e mondiale de l&rsquo;environnement 2020 exprime tr\u00e8s clairement notre situation.<\/strong><\/p>\n<p><strong>Mais comment pouvons-nous fa\u00e7onner notre pr\u00e9sent de telle sorte que la communaut\u00e9 mondiale assume la responsabilit\u00e9 climatique?<\/strong><\/p>\n<p><img decoding=\"async\" loading=\"lazy\" class=\"aligncenter\" src=\"https:\/\/art4climate.nuernberg4future.de\/wp-content\/uploads\/2020\/09\/image-1.png\" width=\"367\" height=\"709\" \/>x<\/p>\n","protected":false},"excerpt":{"rendered":"<p>La d\u00e9claration d&rsquo;Ant\u00f3nio Guterres \u00e0 l&rsquo;occasion de la Journ\u00e9e mondiale de l&rsquo;environnement 2020 exprime tr\u00e8s clairement notre situation. Mais comment pouvons-nous fa\u00e7onner notre pr\u00e9sent de telle sorte que la communaut\u00e9 mondiale assume la responsabilit\u00e9 climatique? x<\/p>\n","protected":false},"author":1,"featured_media":0,"parent":0,"menu_order":0,"comment_status":"closed","ping_status":"closed","template":"","meta":[],"_links":{"self":[{"href":"https:\/\/art4climate.nuernberg4future.de\/fr\/wp-json\/wp\/v2\/pages\/219"}],"collection":[{"href":"https:\/\/art4climate.nuernberg4future.de\/fr\/wp-json\/wp\/v2\/pages"}],"about":[{"href":"https:\/\/art4climate.nuernberg4future.de\/fr\/wp-json\/wp\/v2\/types\/page"}],"author":[{"embeddable":true,"href":"https:\/\/art4climate.nuernberg4future.de\/fr\/wp-json\/wp\/v2\/users\/1"}],"replies":[{"embeddable":true,"href":"https:\/\/art4climate.nuernberg4future.de\/fr\/wp-json\/wp\/v2\/comments?post=219"}],"version-history":[{"count":4,"href":"https:\/\/art4climate.nuernberg4future.de\/fr\/wp-json\/wp\/v2\/pages\/219\/revisions"}],"predecessor-version":[{"id":234,"href":"https:\/\/art4climate.nuernberg4future.de\/fr\/wp-json\/wp\/v2\/pages\/219\/revisions\/234"}],"wp:attachment":[{"href":"https:\/\/art4climate.nuernberg4future.de\/fr\/wp-json\/wp\/v2\/media?parent=219"}],"curies":[{"name":"wp","href":"https:\/\/api.w.org\/{rel}","templated":true}]}}