{"id":235,"date":"2020-09-15T18:21:55","date_gmt":"2020-09-15T16:21:55","guid":{"rendered":"https:\/\/art4climate.nuernberg4future.de\/?page_id=235"},"modified":"2021-05-31T18:54:38","modified_gmt":"2021-05-31T16:54:38","slug":"kooperation-mit-der-stadt-nuernberg","status":"publish","type":"page","link":"https:\/\/art4climate.nuernberg4future.de\/fr\/kooperation-mit-der-stadt-nuernberg","title":{"rendered":"Coop\u00e9ration avec la ville de Nuremberg"},"content":{"rendered":"<p>Le Bureau des relations internationales de la ville de Nuremberg \u00e9tait \u00e9galement enthousiasm\u00e9 par l&rsquo;id\u00e9e du concours d&rsquo;art art4climate. Les \u00e9coles et garderies de Nuremberg seront inform\u00e9es du concours \u00e0 l&rsquo;automne 2020 avec le texte suivant.<\/p>\n<p>Campagne d&rsquo;art Art4climate<\/p>\n<p>Environnement. Climat. Des visions<\/p>\n<p>Coop\u00e9ration entre parents4future Nuremberg, Artists4future Nuremberg et le Bureau des relations internationales de la ville de Nuremberg.<\/p>\n<p><img decoding=\"async\" src=\"https:\/\/art4climate.nuernberg4future.de\/wp-content\/uploads\/2020\/10\/stn_markenzeichen_4c_1106v01.jpg\" \/><\/p>\n<p>&nbsp;<\/p>\n<p>Concours d&rsquo;art: art4climate pour tous. De 3 \u00e0 103 ans.<\/p>\n<p>Id\u00e9e de projet<\/p>\n<p>Nous nous int\u00e9ressons \u00e0 la mani\u00e8re dont les enfants, les jeunes, les \u00e9tudiants et les adultes imaginent la protection de l&rsquo;environnement et de l&rsquo;environnement dans notre ville et notre r\u00e9gion. Comment cela peut-il \u00eatre fait? Cherchez-vous des id\u00e9es, des visions, des visions, des souhaits, des r\u00eaves, peut-\u00eatre aussi des id\u00e9es sympas pour une invention technique, des solutions, des am\u00e9liorations?<\/p>\n<p>participation<\/p>\n<p>Toutes les techniques sont autoris\u00e9es pour la conception: collages, tableaux peints, affiches, photographies, objets cach\u00e9s, images communautaires, photos trait\u00e9es num\u00e9riquement, courtes vid\u00e9os &#8230;<\/p>\n<p>Il est important que seules les images \/ \u0153uvres soient soumises sous forme num\u00e9rique. Il y a un masque de saisie pour cela sur notre page d&rsquo;accueil:<\/p>\n<p><a href=\"https:\/\/art4climate.nuernberg4future.de\/\">https:\/\/art4climate.nuernberg4future.de\/<\/a><\/p>\n<p>Veuillez soumettre des \u0153uvres avec les informations suivantes:<\/p>\n<p>Nom et pr\u00e9nom, le cas \u00e9ch\u00e9ant le nom du jardin d&rsquo;enfants ou de l&rsquo;\u00e9cole,<\/p>\n<p>Niveau scolaire, groupe, nom du club.<\/p>\n<p>adresse postale, adresse e-mail<\/p>\n<p>dans le cas des artistes mineurs, l&rsquo;\u0153uvre doit avoir une<\/p>\n<p>Une d\u00e9claration de consentement d&rsquo;un tuteur l\u00e9gal doit \u00eatre jointe.<\/p>\n<p>De plus, nous sommes heureux qu&rsquo;une br\u00e8ve explication \u00e9crite et informelle du contenu, de la motivation, de l&rsquo;id\u00e9e et d&rsquo;un titre soit jointe \u00e0 l&rsquo;\u0153uvre. Cela peut aider \u00e0 mieux \u00e9valuer le travail.<\/p>\n<p>Veuillez conserver les originaux jusqu&rsquo;\u00e0 la fin du concours, car nous pouvons \u00e9galement exposer des \u0153uvres originales qui ont remport\u00e9 des prix.<\/p>\n<p>En participant \u00e0 la comp\u00e9tition, le participant ou les groupes et clubs confirment et acceptent les conditions de participation.<\/p>\n<p>Date limite d&rsquo;inscription<\/p>\n<p>Veuillez soumettre vos \u0153uvres avant le lundi 15 mars 2021.<\/p>\n<p>La fin du t\u00e9l\u00e9chargement est le 15\/03\/2021<\/p>\n<p>Qu&rsquo;arrive-t-il aux \u0153uvres d&rsquo;art?<\/p>\n<p>Toutes les \u0153uvres soumises seront publi\u00e9es dans une exposition de photos virtuelle en tant qu&rsquo;\u0153uvre conjointe art4climate. De plus, un jury s\u00e9lectionne les meilleures parmi toutes les contributions, qui sont pr\u00e9sent\u00e9es au public, par exemple lors d&rsquo;expositions et sur des panneaux d&rsquo;affichage. La galerie d&rsquo;art \u00ab\u00a0artulijen gallery house of visions\u00a0\u00bb offre l&rsquo;espace d&rsquo;exposition au d\u00e9but de l&rsquo;\u00e9t\u00e9 2021.<\/p>\n<p>De plus, des \u0153uvres seront expos\u00e9es \u00e0 la Maison internationale de Nuremberg \u00e0 l&rsquo;automne 2021. La d\u00e9cision du juge est finale.<\/p>\n<p>Le nom de l&rsquo;artiste et, le cas \u00e9ch\u00e9ant, de la maternelle, des \u00e9coles, des niveaux ou, dans le cas des groupes et associations, des groupes d&rsquo;artistes sont annonc\u00e9s, \u00e0 condition que cela ne soit pas contredit.<\/p>\n<p>Au cours de la Conf\u00e9rence mondiale sur le climat \u00e0 l&rsquo;automne 2021, parents4future, Artists4future et l&rsquo;Office for International Relations ont demand\u00e9 si une exposition d&rsquo;\u0153uvres individuelles \u00e0 Glasgow ou dans d&rsquo;autres villes partenaires \u00e9tait possible num\u00e9riquement.<\/p>\n<p>Bien entendu, les \u0153uvres d&rsquo;art cr\u00e9\u00e9es peuvent \u00eatre utilis\u00e9es pour vos propres SEMAINES DE PROJET ou JOURN\u00c9ES DE PROJET dans votre propre \u00e9cole ou garderie.<\/p>\n<p>Pensez au climat international et \u00e0 la protection de l&rsquo;environnement! Avec le soutien du Bureau des relations internationales de la ville de Nuremberg, les villes partenaires sont \u00e9galement invit\u00e9es \u00e0 r\u00e9aliser art4climate dans leur ville. Il est \u00e9galement pr\u00e9vu de pr\u00e9senter des \u0153uvres d&rsquo;art des villes jumelles de Nuremberg.<\/p>\n<p>Informations compl\u00e9mentaires<\/p>\n<p>Vous trouverez des mentions l\u00e9gales et des informations ainsi que d&rsquo;autres coordonn\u00e9es sur la page d&rsquo;accueil https \/\/ art4climate.nuernberg4future.de.<\/p>\n<p>Id\u00e9e:<\/p>\n<p>Parents4future Nuremberg et Artists4future Nuremberg<\/p>\n<p>la coop\u00e9ration<\/p>\n<p>Bureau des relations internationales de Nuremberg<\/p>\n<p>Projet de groupe:<\/p>\n<p>Thomas Feuchtenberger<\/p>\n<p>Stefania Giananndrea<\/p>\n<p>Ulrike M\u00fcller-Telschow<\/p>\n<p>Sandra Nausner<\/p>\n<p>Technologie et page d&rsquo;accueil:<\/p>\n<p>&amp; Contactez Jens Telschow<\/p>\n<p>&nbsp;<\/p>\n","protected":false},"excerpt":{"rendered":"<p>Le Bureau des relations internationales de la ville de Nuremberg \u00e9tait \u00e9galement enthousiasm\u00e9 par l&rsquo;id\u00e9e du concours d&rsquo;art art4climate. Les \u00e9coles et garderies de Nuremberg seront inform\u00e9es du concours \u00e0 l&rsquo;automne 2020 avec le texte suivant. Campagne d&rsquo;art Art4climate Environnement. Climat. Des visions Coop\u00e9ration entre parents4future Nuremberg, Artists4future Nuremberg et le Bureau des relations internationales [&hellip;]<\/p>\n","protected":false},"author":1,"featured_media":0,"parent":0,"menu_order":0,"comment_status":"closed","ping_status":"closed","template":"","meta":[],"_links":{"self":[{"href":"https:\/\/art4climate.nuernberg4future.de\/fr\/wp-json\/wp\/v2\/pages\/235"}],"collection":[{"href":"https:\/\/art4climate.nuernberg4future.de\/fr\/wp-json\/wp\/v2\/pages"}],"about":[{"href":"https:\/\/art4climate.nuernberg4future.de\/fr\/wp-json\/wp\/v2\/types\/page"}],"author":[{"embeddable":true,"href":"https:\/\/art4climate.nuernberg4future.de\/fr\/wp-json\/wp\/v2\/users\/1"}],"replies":[{"embeddable":true,"href":"https:\/\/art4climate.nuernberg4future.de\/fr\/wp-json\/wp\/v2\/comments?post=235"}],"version-history":[{"count":11,"href":"https:\/\/art4climate.nuernberg4future.de\/fr\/wp-json\/wp\/v2\/pages\/235\/revisions"}],"predecessor-version":[{"id":473,"href":"https:\/\/art4climate.nuernberg4future.de\/fr\/wp-json\/wp\/v2\/pages\/235\/revisions\/473"}],"wp:attachment":[{"href":"https:\/\/art4climate.nuernberg4future.de\/fr\/wp-json\/wp\/v2\/media?parent=235"}],"curies":[{"name":"wp","href":"https:\/\/api.w.org\/{rel}","templated":true}]}}