{"id":65,"date":"2020-08-31T17:47:56","date_gmt":"2020-08-31T17:47:56","guid":{"rendered":"https:\/\/art4climate.nuernberg4future.de\/?page_id=65"},"modified":"2021-06-04T23:55:53","modified_gmt":"2021-06-04T21:55:53","slug":"upload-formular","status":"publish","type":"page","link":"https:\/\/art4climate.nuernberg4future.de\/fr\/upload-formular","title":{"rendered":"T\u00e9l\u00e9charger le formulaire"},"content":{"rendered":"<p><strong>Faites d\u00e9filer vers le bas pour remplir le formulaire de t\u00e9l\u00e9chargement de votre contribution artistique.<\/strong><\/p>\n<p><em>Si n\u00e9cessaire, vous pouvez d&rsquo;abord t\u00e9l\u00e9charger une d\u00e9claration de consentement de votre tuteur l\u00e9gal, la remplir, la signer, puis la t\u00e9l\u00e9charger \u00e0 nouveau sous forme de copie de l&rsquo;image (* jpeg) sur le formulaire \u00e0 l&#8217;emplacement indiqu\u00e9.<\/em><\/p>\n<p>T\u00e9l\u00e9charger la d\u00e9claration de consentement<\/p>\n<h3>T\u00e9l\u00e9chargez la contribution artistique<\/h3>\n\r\n        \r\n\r\n                <form class=\"wpuf-form-add weforms-357  wpuf-style\" action=\"\" method=\"post\"   id=\"\">\r\n\r\n            <ul class=\"wpuf-form form-label-above\">\r\n\r\n                        <li class=\"wpuf-el _titre_de_la_contribution_artistique field-size-large\" data-label=\" Titre de la contribution artistique\">\r\n                    <div class=\"wpuf-label\">\r\n            <label for=\"_titre_de_la_contribution_artistique_357\"> Titre de la contribution artistique <span class=\"required\">*<\/span><\/label>\r\n        <\/div>\r\n        \r\n            <div class=\"wpuf-fields\">\r\n                <input\r\n                    class=\"textfield wpuf__titre_de_la_contribution_artistique_357\"\r\n                    id=\"_titre_de_la_contribution_artistique_357\"\r\n                    type=\"text\"\r\n                    data-duplicate=\"no\"\r\n                    data-required=\"yes\"\r\n                    data-type=\"text\" name=\"_titre_de_la_contribution_artistique\"\r\n                    placeholder=\"\"\r\n                    value=\"\"\r\n                    size=\"40\"\r\n                    data-style=\"wpuf-style\"\r\n                \/>\r\n\r\n                <span class=\"wpuf-wordlimit-message wpuf-help\"><\/span>\r\n                            <\/div>\r\n                    <\/li>\r\n                <li class=\"wpuf-el description_de_la_contribution_artistique field-size-large\" data-label=\"Description de la contribution artistique\">\r\n                    <div class=\"wpuf-label\">\r\n            <label for=\"description_de_la_contribution_artistique_357\">Description de la contribution artistique <span class=\"required\">*<\/span><\/label>\r\n        <\/div>\r\n                                    <div class=\"wpuf-fields\">\r\n            \r\n                                    <textarea\r\n                        class=\"textareafield  wpuf_description_de_la_contribution_artistique_357\"\r\n                        id=\"description_de_la_contribution_artistique_357\"\r\n                        name=\"description_de_la_contribution_artistique\"\r\n                        data-required=\"yes\"\r\n                        data-type=\"textarea\"\r\n                        placeholder=\"\"\r\n                        rows=\"3\"\r\n                        cols=\"25\"\r\n                        data-style=\"wpuf-style\"\r\n                    ><\/textarea>\r\n                    <span class=\"wpuf-wordlimit-message wpuf-help\"><\/span>\r\n\r\n                \r\n                        <span class=\"wpuf-help\">D\u00e9crivez votre \u0153uvre d&#039;art, votre motivation, etc.<\/span>\r\n                <\/div><\/li>\r\n                <li class=\"wpuf-el nom_de_l_artiste field-size-large\" data-label=\"Nom de l&#039;artiste\">\r\n                    <div class=\"wpuf-label\">\r\n            <label for=\"nom_de_l_artiste_357\">Nom de l&#039;artiste <span class=\"required\">*<\/span><\/label>\r\n        <\/div>\r\n        \r\n            <div class=\"wpuf-fields\">\r\n                <div class=\"wpuf-name-field-wrap format-first-last\" data-style=\"wpuf-style\">\r\n                    <div class=\"wpuf-name-field-first-name\">\r\n                        <input\r\n                            name=\"nom_de_l_artiste[first]\"\r\n                            type=\"text\"\r\n                            placeholder=\"Pr\u00e9nom\"\r\n                            value=\"\"\r\n                            size=\"40\"\r\n                            data-required=\"yes\"\r\n                            data-type=\"text\"\r\n                            data-style=\"wpuf-style\"\r\n                            class=\"textfield wpuf_nom_de_l_artiste_357\"\r\n                            autocomplete=\"given-name\"\r\n                        >\r\n                                                    <label class=\"wpuf-form-sub-label\" data-style=\"wpuf-style\">First<\/label>\r\n                                            <\/div>\r\n\r\n                                            <input type=\"hidden\" name=\"nom_de_l_artiste[middle]\" value=\"\">\r\n                    \r\n                    <div class=\"wpuf-name-field-last-name\">\r\n                        <input\r\n                            name=\"nom_de_l_artiste[last]\"\r\n                            type=\"text\" class=\"textfield\"\r\n                            placeholder=\"Nom de famille\"\r\n                            value=\"\"\r\n                            size=\"40\"\r\n                            autocomplete=\"family-name\"\r\n                            data-style=\"wpuf-style\"\r\n                        >\r\n                                                    <label class=\"wpuf-form-sub-label\" data-style=\"wpuf-style\">Last<\/label>\r\n                                            <\/div>\r\n                <\/div>\r\n                            <\/div>\r\n        <\/li>\r\n                <li class=\"wpuf-el votre_adresse_mail field-size-large\" data-label=\"Votre adresse mail\">\r\n                    <div class=\"wpuf-label\">\r\n            <label for=\"votre_adresse_mail_357\">Votre adresse mail <span class=\"required\">*<\/span><\/label>\r\n        <\/div>\r\n        \r\n            <div class=\"wpuf-fields\">\r\n                <input\r\n                    id=\"votre_adresse_mail_357\"\r\n                    type=\"email\"\r\n                    class=\"email  wpuf_votre_adresse_mail_357\"\r\n                    data-duplicate=\"\"\r\n                    data-required=\"yes\"\r\n                    data-type=\"email\"\r\n                    data-style=\"wpuf-style\"\r\n                    name=\"votre_adresse_mail\"\r\n                    placeholder=\"\"\r\n                    value=\"\"\r\n                    size=\"40\"\r\n                    autocomplete=\"email\"\r\n                \/>\r\n                            <\/div>\r\n        <\/li>\r\n                <li class=\"wpuf-el suis_je_majeur_ field-size-large\" data-label=\"Suis-je majeur?\">\r\n                    <div class=\"wpuf-label\">\r\n            <label for=\"suis_je_majeur__357\">Suis-je majeur? <span class=\"required\">*<\/span><\/label>\r\n        <\/div>\r\n        \r\n                        <div class=\"wpuf-fields\" data-required=\"yes\" data-type=\"radio\" data-style=\"wpuf-style\">\r\n\r\n                \r\n                        <label class=\"wpuf-radio-block\">\r\n                            <input\r\n                                name=\"suis_je_majeur_\"\r\n                                class=\"wpuf_suis_je_majeur__357\"\r\n                                type=\"radio\"\r\n                                value=\"oui\"                            \/>\r\n                            Oui                        <\/label>\r\n                        \r\n                        <label class=\"wpuf-radio-block\">\r\n                            <input\r\n                                name=\"suis_je_majeur_\"\r\n                                class=\"wpuf_suis_je_majeur__357\"\r\n                                type=\"radio\"\r\n                                value=\"_non,_je_joins_donc_une_d\u00e9claration_de_consentement_de_mes_parents.\"                            \/>\r\n                             Non, je joins donc une d\u00e9claration de consentement de mes parents.                        <\/label>\r\n                        \r\n                \r\n            <\/div>\r\n        <\/li>\r\n                <li class=\"wpuf-el d_claration_de_t_l_chargement_de_consentement field-size-large\" data-label=\"D\u00e9claration de t\u00e9l\u00e9chargement de consentement\">\r\n                    <div class=\"wpuf-label\">\r\n            <label for=\"d_claration_de_t_l_chargement_de_consentement_357\">D\u00e9claration de t\u00e9l\u00e9chargement de consentement<\/label>\r\n        <\/div>\r\n                    <div class=\"wpuf-fields\">\r\n                <div id=\"wpuf-d_claration_de_t_l_chargement_de_consentement-357-upload-container\" data-style=\"wpuf-style\">\r\n                    <div class=\"wpuf-attachment-upload-filelist\"  data-style=\"wpuf-style\" data-type=\"file\" data-required=\"no\" data-style=\"wpuf-style\">\r\n                        <a id=\"wpuf-d_claration_de_t_l_chargement_de_consentement-357-pickfiles\" data-style=\"wpuf-style\" data-form_id=\"357\" class=\"button file-selector  wpuf_d_claration_de_t_l_chargement_de_consentement_357\" href=\"#\">S\u00e9lectionnez l&#039;image du formulaire sign\u00e9, max 1 Mo<\/a>\r\n                        <ul class=\"wpuf-attachment-list thumbnails\"><\/ul>\r\n                    <\/div>\r\n                <\/div><!-- .container -->\r\n\r\n                        <span class=\"wpuf-help\">Veuillez ins\u00e9rer la photo sign\u00e9e de la d\u00e9claration de consentement ici<\/span>\r\n        \r\n            <\/div> <!-- .wpuf-fields -->\r\n        <\/li>\r\n                <li class=\"wpuf-el votre_lieu_de_r_sidence___lieu_d__tablissement field-size-medium\" data-label=\"Votre lieu de r\u00e9sidence \/ lieu d&#039;\u00e9tablissement\">\r\n                    <div class=\"wpuf-label\">\r\n            <label for=\"votre_lieu_de_r_sidence___lieu_d__tablissement_357\">Votre lieu de r\u00e9sidence \/ lieu d&#039;\u00e9tablissement <span class=\"required\">*<\/span><\/label>\r\n        <\/div>\r\n        \r\n            <div class=\"wpuf-fields\">\r\n                <input\r\n                    class=\"textfield wpuf_votre_lieu_de_r_sidence___lieu_d__tablissement_357\"\r\n                    id=\"votre_lieu_de_r_sidence___lieu_d__tablissement_357\"\r\n                    type=\"text\"\r\n                    data-duplicate=\"no\"\r\n                    data-required=\"yes\"\r\n                    data-type=\"text\" name=\"votre_lieu_de_r_sidence___lieu_d__tablissement\"\r\n                    placeholder=\"Pays, code postal, ville\"\r\n                    value=\"\"\r\n                    size=\"40\"\r\n                    data-style=\"wpuf-style\"\r\n                \/>\r\n\r\n                <span class=\"wpuf-wordlimit-message wpuf-help\"><\/span>\r\n                            <\/div>\r\n                    <\/li>\r\n                <li class=\"wpuf-el lien_vers_l_art_vid_o_ou_audio_ou_le_site_web field-size-medium\" data-label=\"Lien vers l&#039;art vid\u00e9o ou audio ou le site Web\">\r\n                    <div class=\"wpuf-label\">\r\n            <label for=\"lien_vers_l_art_vid_o_ou_audio_ou_le_site_web_357\">Lien vers l&#039;art vid\u00e9o ou audio ou le site Web<\/label>\r\n        <\/div>\r\n        \r\n            <div class=\"wpuf-fields\">\r\n                <input\r\n                    title = \"The URL must contain a protocol i.e. http:\/\/example.com\"\r\n                    id = \"lien_vers_l_art_vid_o_ou_audio_ou_le_site_web_357\"\r\n                    type = \"url\" class=\"url  wpuf_lien_vers_l_art_vid_o_ou_audio_ou_le_site_web_357\"\r\n                    data-duplicate = \"no\"\r\n                    data-required = \"no\"\r\n                    data-type = \"url\"\r\n                    data-style=\"wpuf-style\"\r\n                    name = \"lien_vers_l_art_vid_o_ou_audio_ou_le_site_web\"\r\n                    placeholder = \"Entrez le lien ici\"\r\n                    value = \"\" size=\"40\"\r\n                    autocomplete = \"url\"\r\n                \/>\r\n                        <span class=\"wpuf-help\">Veuillez entrer le lien uz votre projet audio ou vid\u00e9o ici.<\/span>\r\n                    <\/div>\r\n\r\n        <\/li>\r\n                <li class=\"wpuf-el t_l_chargement_d_image__8_mo_max_____jpeg_ field-size-large\" data-label=\"T\u00e9l\u00e9chargement d&#039;image (8 Mo max. * .Jpeg)\">\r\n                    <div class=\"wpuf-label\">\r\n            <label for=\"t_l_chargement_d_image__8_mo_max_____jpeg__357\">T\u00e9l\u00e9chargement d&#039;image (8 Mo max. * .Jpeg)<\/label>\r\n        <\/div>\r\n                    <div class=\"wpuf-fields\">\r\n                <div id=\"wpuf-t_l_chargement_d_image__8_mo_max_____jpeg_-357-upload-container\" data-style=\"wpuf-style\">\r\n                    <div class=\"wpuf-attachment-upload-filelist\"  data-style=\"wpuf-style\" data-type=\"file\" data-required=\"no\" data-style=\"wpuf-style\">\r\n                        <a id=\"wpuf-t_l_chargement_d_image__8_mo_max_____jpeg_-357-pickfiles\" data-style=\"wpuf-style\" data-form_id=\"357\" class=\"button file-selector  wpuf_t_l_chargement_d_image__8_mo_max_____jpeg__357\" href=\"#\">choisir une image<\/a>\r\n                        <ul class=\"wpuf-attachment-list thumbnails\"><\/ul>\r\n                    <\/div>\r\n                <\/div><!-- .container -->\r\n\r\n                        <span class=\"wpuf-help\">T\u00e9l\u00e9chargez une photo \/ photo ici, max. 8 Mo<\/span>\r\n        \r\n            <\/div> <!-- .wpuf-fields -->\r\n        <\/li>\r\n                <li class=\"wpuf-el j_ai_lu_les_conditions_de_participation___protection_des_donn_es_et_je_les_accepte field-size-large\" data-label=\"J&#039;ai lu les conditions de participation \/ protection des donn\u00e9es et je les accepte\">\n                    <div class=\"wpuf-label\">\r\n            <label for=\"j_ai_lu_les_conditions_de_participation___protection_des_donn_es_et_je_les_accepte_357\">J&#039;ai lu les conditions de participation \/ protection des donn\u00e9es et je les accepte <span class=\"required\">*<\/span><\/label>\r\n        <\/div>\r\n        \n                        <div class=\"wpuf-fields\" data-required=\"yes\" data-type=\"radio\">\n\n                                        <label class=\"wpuf-checkbox-block\">\n                            <input type=\"checkbox\" class=\"wpuf_j_ai_lu_les_conditions_de_participation___protection_des_donn_es_et_je_les_accepte_357\" name=\"j_ai_lu_les_conditions_de_participation___protection_des_donn_es_et_je_les_accepte[]\" value=\"oiu\" \/>\n                            Oiu                        <\/label>\n                        \n                \n            <\/div>\n        <\/li>\n         <li class=\"wpuf-el recaptcha\" data-label=\"veuillez confirmer: Je ne suis pas un robot!\">\r\n\r\n                    <div class=\"wpuf-label\">\r\n            <label for=\"recaptcha_0\">veuillez confirmer: Je ne suis pas un robot!<\/label>\r\n        <\/div>\r\n        \r\n                <div class=\"wpuf-fields  wpuf_recaptcha_357\">\r\n                    <script>\r\n                        function weformsRecaptchaCallback(token) {\r\n                            jQuery('[name=\"g-recaptcha-response\"]').val(token);\r\n                            jQuery('.weforms_submit_btn').attr('disabled',false).show();\r\n                            jQuery('.weforms_submit_btn_recaptcha').hide();\r\n                        }\r\n\r\n                        jQuery(document).ready( function($) {\r\n                            $('.weforms_submit_btn').attr('disabled',true);\r\n                        });\r\n                    <\/script>\r\n\r\n                    <input type=\"hidden\" name=\"g-recaptcha-response\">\r\n                \r\n                    <script src=\"https:\/\/www.google.com\/recaptcha\/api.js\"><\/script>\r\n                    <div id='recaptcha' data-theme=\"light\" class=\"g-recaptcha\" data-sitekey=\"6Lff9sUZAAAAAE7OTItFX5arXN-TL6AUx7yf0OpI\" data-callback=\"weformsRecaptchaCallback\"><\/div>\r\n                \r\n                <\/div>\r\n\r\n            \r\n        <\/li>\r\n                <li class=\"wpuf-submit\">\r\n            <div class=\"wpuf-label\">\r\n                &nbsp;\r\n            <\/div>\r\n\r\n            <input type=\"hidden\" id=\"_wpnonce\" name=\"_wpnonce\" value=\"2d575b26d7\" \/><input type=\"hidden\" name=\"_wp_http_referer\" value=\"\/fr\/wp-json\/wp\/v2\/pages\/65\" \/>\r\n            <input type=\"hidden\" name=\"form_id\" value=\"357\">\r\n            <input type=\"hidden\" name=\"page_id\" value=\"65\">\r\n            <input type=\"hidden\" name=\"action\" value=\"weforms_frontend_submit\">\r\n\r\n                            <input type=\"hidden\" name=\"weforms-front-report\" value=\"no\">\r\n            \r\n            \r\n                            <input type=\"submit\" class=\"weforms_submit_btn wpuf_submit_357\" name=\"submit\" value=\"T\u00e9l\u00e9charger une contribution artistique\" \/>\r\n                    <\/li>\r\n                <\/ul>\r\n\r\n        <\/form>\r\n                \n","protected":false},"excerpt":{"rendered":"<p>Faites d\u00e9filer vers le bas pour remplir le formulaire de t\u00e9l\u00e9chargement de votre contribution artistique. Si n\u00e9cessaire, vous pouvez d&rsquo;abord t\u00e9l\u00e9charger une d\u00e9claration de consentement de votre tuteur l\u00e9gal, la remplir, la signer, puis la t\u00e9l\u00e9charger \u00e0 nouveau sous forme de copie de l&rsquo;image (* jpeg) sur le formulaire \u00e0 l&#8217;emplacement indiqu\u00e9. T\u00e9l\u00e9charger la d\u00e9claration [&hellip;]<\/p>\n","protected":false},"author":1,"featured_media":0,"parent":0,"menu_order":0,"comment_status":"closed","ping_status":"closed","template":"","meta":[],"_links":{"self":[{"href":"https:\/\/art4climate.nuernberg4future.de\/fr\/wp-json\/wp\/v2\/pages\/65"}],"collection":[{"href":"https:\/\/art4climate.nuernberg4future.de\/fr\/wp-json\/wp\/v2\/pages"}],"about":[{"href":"https:\/\/art4climate.nuernberg4future.de\/fr\/wp-json\/wp\/v2\/types\/page"}],"author":[{"embeddable":true,"href":"https:\/\/art4climate.nuernberg4future.de\/fr\/wp-json\/wp\/v2\/users\/1"}],"replies":[{"embeddable":true,"href":"https:\/\/art4climate.nuernberg4future.de\/fr\/wp-json\/wp\/v2\/comments?post=65"}],"version-history":[{"count":16,"href":"https:\/\/art4climate.nuernberg4future.de\/fr\/wp-json\/wp\/v2\/pages\/65\/revisions"}],"predecessor-version":[{"id":475,"href":"https:\/\/art4climate.nuernberg4future.de\/fr\/wp-json\/wp\/v2\/pages\/65\/revisions\/475"}],"wp:attachment":[{"href":"https:\/\/art4climate.nuernberg4future.de\/fr\/wp-json\/wp\/v2\/media?parent=65"}],"curies":[{"name":"wp","href":"https:\/\/api.w.org\/{rel}","templated":true}]}}