{"id":7,"date":"2020-08-29T07:57:11","date_gmt":"2020-08-29T07:57:11","guid":{"rendered":"https:\/\/art4climate.nuernberg4future.de\/?page_id=7"},"modified":"2020-09-23T23:48:01","modified_gmt":"2020-09-23T21:48:01","slug":"wir-ueber-uns","status":"publish","type":"page","link":"https:\/\/art4climate.nuernberg4future.de\/fr\/wir-ueber-uns","title":{"rendered":"\u00c0 propos de nous"},"content":{"rendered":"<p>Avec notre groupe d&rsquo;action artistique, nous appartenons \u00e0 parents4future Nuremberg et \u00e0 Artists4future Nuremberg.<\/p>\n<p>Notre id\u00e9e est n\u00e9e dans le verrouillage Corona. Parents4future N\u00fcrnberg a projet\u00e9 avec Artists4future N\u00fcrnberg d&rsquo;exposer les \u0153uvres d&rsquo;art cr\u00e9atives &#8211; cr\u00e9\u00e9es en lock-out &#8211; et d&rsquo;organiser un concours d&rsquo;art.<\/p>\n<p>Avec notre groupe d&rsquo;action artistique et l&rsquo;id\u00e9e d&rsquo;Environnement + Art + Climat, nous appartenons \u00e0 parents4future et Artists4future Nuremberg.<\/p>\n<p>&#8230; nous sommes une association libre de personnes.<\/p>\n<p>&#8230; avec cette campagne, nous voulons stimuler les id\u00e9es cr\u00e9atives art4climate et la protection climatique ambitieuse \u00e0 Nuremberg.<\/p>\n<p>&#8230; se r\u00e9jouissent que la ville de Nuremberg et le Bureau des relations internationales de Nuremberg aient \u00e9galement \u00e9t\u00e9 enthousiasm\u00e9s par cette id\u00e9e.<\/p>\n<p>&#8230; nous esp\u00e9rons que Glasgow sera la premi\u00e8re ville jumelle qui collaborera avec Nuremberg et art4climate dans le cadre d&rsquo;un \u00e9change.<\/p>\n<p>&#8230; nous attendons avec impatience les prochaines \u00e9tapes pour accompagner notre campagne avec la ville de Nuremberg sur les routes internationales.<\/p>\n<p>&#8230; nous esp\u00e9rons de nombreux participants qui se laissent contaminer par la joie que la cr\u00e9ativit\u00e9 nous procure \u00e0 tous.<\/p>\n","protected":false},"excerpt":{"rendered":"<p>Avec notre groupe d&rsquo;action artistique, nous appartenons \u00e0 parents4future Nuremberg et \u00e0 Artists4future Nuremberg. Notre id\u00e9e est n\u00e9e dans le verrouillage Corona. Parents4future N\u00fcrnberg a projet\u00e9 avec Artists4future N\u00fcrnberg d&rsquo;exposer les \u0153uvres d&rsquo;art cr\u00e9atives &#8211; cr\u00e9\u00e9es en lock-out &#8211; et d&rsquo;organiser un concours d&rsquo;art. Avec notre groupe d&rsquo;action artistique et l&rsquo;id\u00e9e d&rsquo;Environnement + Art + [&hellip;]<\/p>\n","protected":false},"author":1,"featured_media":0,"parent":0,"menu_order":0,"comment_status":"closed","ping_status":"closed","template":"","meta":[],"_links":{"self":[{"href":"https:\/\/art4climate.nuernberg4future.de\/fr\/wp-json\/wp\/v2\/pages\/7"}],"collection":[{"href":"https:\/\/art4climate.nuernberg4future.de\/fr\/wp-json\/wp\/v2\/pages"}],"about":[{"href":"https:\/\/art4climate.nuernberg4future.de\/fr\/wp-json\/wp\/v2\/types\/page"}],"author":[{"embeddable":true,"href":"https:\/\/art4climate.nuernberg4future.de\/fr\/wp-json\/wp\/v2\/users\/1"}],"replies":[{"embeddable":true,"href":"https:\/\/art4climate.nuernberg4future.de\/fr\/wp-json\/wp\/v2\/comments?post=7"}],"version-history":[{"count":15,"href":"https:\/\/art4climate.nuernberg4future.de\/fr\/wp-json\/wp\/v2\/pages\/7\/revisions"}],"predecessor-version":[{"id":289,"href":"https:\/\/art4climate.nuernberg4future.de\/fr\/wp-json\/wp\/v2\/pages\/7\/revisions\/289"}],"wp:attachment":[{"href":"https:\/\/art4climate.nuernberg4future.de\/fr\/wp-json\/wp\/v2\/media?parent=7"}],"curies":[{"name":"wp","href":"https:\/\/api.w.org\/{rel}","templated":true}]}}