{"id":75,"date":"2020-08-31T18:14:58","date_gmt":"2020-08-31T18:14:58","guid":{"rendered":"https:\/\/art4climate.nuernberg4future.de\/?page_id=75"},"modified":"2020-09-23T23:26:49","modified_gmt":"2020-09-23T21:26:49","slug":"willkommen","status":"publish","type":"page","link":"https:\/\/art4climate.nuernberg4future.de\/fr\/willkommen","title":{"rendered":"Id\u00e9e de projet"},"content":{"rendered":"<strong>Notre id\u00e9e est n\u00e9e dans le Corona Lockdown &#8230;<\/strong>\r\n\r\nParents4future N\u00fcrnberg a pr\u00e9vu avec Artists4future N\u00fcrnberg d&rsquo;exposer les \u0153uvres d&rsquo;art cr\u00e9atives cr\u00e9\u00e9es dans le quartier Corona et d&rsquo;organiser un concours d&rsquo;art.\r\n\r\nC&rsquo;est \u00e0 partir de l\u00e0 qu&rsquo;est n\u00e9e l&rsquo;id\u00e9e du concours art4climate.\r\n\r\nNous esp\u00e9rons que art4climate d\u00e9clenchera des PROCESSUS CR\u00c9ATIFS.\r\n\r\nNous aimerions inspirer pour donner forme aux id\u00e9es avec art4climate.\r\n\r\nNous nous int\u00e9ressons \u00e0 la mani\u00e8re dont les enfants, les jeunes, les \u00e9tudiants, les adultes de tous \u00e2ges imaginent l&rsquo;environnement, la protection du climat et l&rsquo;art pour le climat dans notre ville, notre r\u00e9gion et dans le monde.\r\n\r\n<!-- \/wp:heading -->\r\n\r\n<!-- wp:paragraph -->\r\n\r\n<img decoding=\"async\" loading=\"lazy\" width=\"1536\" height=\"1536\" class=\"wp-image-153\" style=\"width: 300px;\" src=\"https:\/\/art4climate.nuernberg4future.de\/wp-content\/uploads\/2020\/09\/bild-1-homepage-wolken-quadrat.png\" alt=\"\" srcset=\"https:\/\/art4climate.nuernberg4future.de\/wp-content\/uploads\/2020\/09\/bild-1-homepage-wolken-quadrat.png 1536w, https:\/\/art4climate.nuernberg4future.de\/wp-content\/uploads\/2020\/09\/bild-1-homepage-wolken-quadrat-300x300.png 300w, https:\/\/art4climate.nuernberg4future.de\/wp-content\/uploads\/2020\/09\/bild-1-homepage-wolken-quadrat-1024x1024.png 1024w, https:\/\/art4climate.nuernberg4future.de\/wp-content\/uploads\/2020\/09\/bild-1-homepage-wolken-quadrat-150x150.png 150w, https:\/\/art4climate.nuernberg4future.de\/wp-content\/uploads\/2020\/09\/bild-1-homepage-wolken-quadrat-768x768.png 768w, https:\/\/art4climate.nuernberg4future.de\/wp-content\/uploads\/2020\/09\/bild-1-homepage-wolken-quadrat-676x676.png 676w\" sizes=\"(max-width: 1536px) 100vw, 1536px\" \/>\r\n\r\n<!-- \/wp:paragraph -->\r\n\r\n<!-- wp:heading -->\r\n\r\nDes id\u00e9es sans limites\r\n\r\nart4climate est un concours pour\r\n\r\nVisions &#8230;\r\n\r\nImaginations &#8230;\r\n\r\nVid\u00e9os &#8230;\r\n\r\nLa musique&#8230;\r\n\r\nInstallations &#8230;\r\n\r\nV\u0153ux&#8230;\r\n\r\nR\u00eaves&#8230;\r\n\r\nPo\u00e9sie&#8230;\r\n\r\nPeut-\u00eatre des id\u00e9es pour\r\n\r\nart4climate des inventions techniques?\r\n\r\n&nbsp;\r\n\r\nSolutions!\r\n\r\nAm\u00e9liorations &#8230;!\r\n\r\nNotre monde a besoin de toutes les id\u00e9es cr\u00e9atives!","protected":false},"excerpt":{"rendered":"<p>Notre id\u00e9e est n\u00e9e dans le Corona Lockdown &#8230; Parents4future N\u00fcrnberg a pr\u00e9vu avec Artists4future N\u00fcrnberg d&rsquo;exposer les \u0153uvres d&rsquo;art cr\u00e9atives cr\u00e9\u00e9es dans le quartier Corona et d&rsquo;organiser un concours d&rsquo;art. C&rsquo;est \u00e0 partir de l\u00e0 qu&rsquo;est n\u00e9e l&rsquo;id\u00e9e du concours art4climate. Nous esp\u00e9rons que art4climate d\u00e9clenchera des PROCESSUS CR\u00c9ATIFS. Nous aimerions inspirer pour donner [&hellip;]<\/p>\n","protected":false},"author":1,"featured_media":0,"parent":0,"menu_order":0,"comment_status":"closed","ping_status":"closed","template":"","meta":[],"_links":{"self":[{"href":"https:\/\/art4climate.nuernberg4future.de\/fr\/wp-json\/wp\/v2\/pages\/75"}],"collection":[{"href":"https:\/\/art4climate.nuernberg4future.de\/fr\/wp-json\/wp\/v2\/pages"}],"about":[{"href":"https:\/\/art4climate.nuernberg4future.de\/fr\/wp-json\/wp\/v2\/types\/page"}],"author":[{"embeddable":true,"href":"https:\/\/art4climate.nuernberg4future.de\/fr\/wp-json\/wp\/v2\/users\/1"}],"replies":[{"embeddable":true,"href":"https:\/\/art4climate.nuernberg4future.de\/fr\/wp-json\/wp\/v2\/comments?post=75"}],"version-history":[{"count":17,"href":"https:\/\/art4climate.nuernberg4future.de\/fr\/wp-json\/wp\/v2\/pages\/75\/revisions"}],"predecessor-version":[{"id":285,"href":"https:\/\/art4climate.nuernberg4future.de\/fr\/wp-json\/wp\/v2\/pages\/75\/revisions\/285"}],"wp:attachment":[{"href":"https:\/\/art4climate.nuernberg4future.de\/fr\/wp-json\/wp\/v2\/media?parent=75"}],"curies":[{"name":"wp","href":"https:\/\/api.w.org\/{rel}","templated":true}]}}